{"id":13,"date":"2011-09-01T15:01:12","date_gmt":"2011-09-01T19:01:12","guid":{"rendered":"http:\/\/www.clinicadentalgaleno.cl\/es\/?page_id=13"},"modified":"2013-12-10T18:51:08","modified_gmt":"2013-12-10T21:51:08","slug":"dra-marta-valenzuela","status":"publish","type":"page","link":"https:\/\/www.clinicadentalgaleno.cl\/es\/dra-marta-valenzuela\/","title":{"rendered":"Dra. Marta Valenzuela"},"content":{"rendered":"<p style=\"text-align: justify;\"><img loading=\"lazy\" decoding=\"async\" class=\"alignleft size-full wp-image-245\" style=\"margin-right: 8px; border: 0pt none;\" title=\"doctora\" src=\"https:\/\/www.clinicadentalgaleno.cl\/es\/wp-content\/uploads\/2011\/09\/doctora1.jpg\" alt=\"Dentista en Santiago\" width=\"251\" height=\"406\" srcset=\"https:\/\/www.clinicadentalgaleno.cl\/es\/wp-content\/uploads\/2011\/09\/doctora1.jpg 251w, https:\/\/www.clinicadentalgaleno.cl\/es\/wp-content\/uploads\/2011\/09\/doctora1-185x300.jpg 185w\" sizes=\"(max-width: 251px) 100vw, 251px\" \/>La Dra. Marta Valenzuela es Cirujano Dentista, con especialidad en Endodoncia, egresada de la Universidad de Concepci\u00f3n. Posee una vasta experiencia en sistemas de alto tr\u00e1fico de pacientes, tanto privados como p\u00fablicos, en donde ha ejercido las especialidades de operatoria, pr\u00f3tesis fija y removible, est\u00e9tica integral y rayos X. Desde el a\u00f1o 1971 ejerce en su cl\u00ednica privada.<\/p>\n<p style=\"text-align: justify;\">Como profesional la motiva brindar \u201cuna atenci\u00f3n de calidad y personalizada\u201d, dos elementos que a su juicio se han perdido en la atenci\u00f3n dental masiva debido a la premura con que se trabaja en los centros.<\/p>\n<p style=\"text-align: justify;\">Asimismo, ofrece \u00f3ptimas condiciones de atenci\u00f3n traducidas en altos est\u00e1ndares de limpieza e higiene y el uso de materiales dentales de excelente calidad.<\/p>\n<span class=\"woo-sc-ilink\"><a class=\"download\" href=\"https:\/\/www.clinicadentalgaleno.cl\/es\/wp-content\/uploads\/2011\/09\/cv-mvalenzuelaweb.pdf\"> Curriculum Vitae Dra. Marta Valenzuela<\/a><\/span>\n<p>&nbsp;<\/p>\n<p>&nbsp;<\/p>\n<p>&nbsp;<\/p>\n","protected":false},"excerpt":{"rendered":"<p>La Dra. Marta Valenzuela es Cirujano Dentista, con especialidad en Endodoncia, egresada de la Universidad de Concepci\u00f3n. Posee una vasta experiencia en sistemas de alto tr\u00e1fico de pacientes, tanto privados como p\u00fablicos, en donde ha ejercido las especialidades de operatoria, pr\u00f3tesis fija y removible, est\u00e9tica integral y rayos X. Desde el a\u00f1o 1971 ejerce en [&hellip;]<\/p>\n","protected":false},"author":1,"featured_media":0,"parent":0,"menu_order":3,"comment_status":"closed","ping_status":"closed","template":"","meta":{"footnotes":""},"yoast_head":"<!-- This site is optimized with the Yoast SEO plugin v23.5 - https:\/\/yoast.com\/wordpress\/plugins\/seo\/ -->\n<title>Dra. Marta Valenzuela - Clinica Dental Galeno<\/title>\n<meta name=\"robots\" content=\"index, follow, max-snippet:-1, max-image-preview:large, max-video-preview:-1\" \/>\n<link rel=\"canonical\" href=\"https:\/\/t01.clinicadentalgaleno.cl\/es\/dra-marta-valenzuela\/\" \/>\n<meta property=\"og:locale\" content=\"es_ES\" \/>\n<meta property=\"og:type\" content=\"article\" \/>\n<meta property=\"og:title\" content=\"Dra. Marta Valenzuela - Clinica Dental Galeno\" \/>\n<meta property=\"og:description\" content=\"La Dra. Marta Valenzuela es Cirujano Dentista, con especialidad en Endodoncia, egresada de la Universidad de Concepci\u00f3n. Posee una vasta experiencia en sistemas de alto tr\u00e1fico de pacientes, tanto privados como p\u00fablicos, en donde ha ejercido las especialidades de operatoria, pr\u00f3tesis fija y removible, est\u00e9tica integral y rayos X. Desde el a\u00f1o 1971 ejerce en [&hellip;]\" \/>\n<meta property=\"og:url\" content=\"https:\/\/t01.clinicadentalgaleno.cl\/es\/dra-marta-valenzuela\/\" \/>\n<meta property=\"og:site_name\" content=\"Clinica Dental Galeno\" \/>\n<meta property=\"article:publisher\" content=\"https:\/\/www.facebook.com\/people\/Clinica-Dental-Galeno\/100002867129267\/\" \/>\n<meta property=\"article:modified_time\" content=\"2013-12-10T21:51:08+00:00\" \/>\n<meta property=\"og:image\" content=\"https:\/\/www.clinicadentalgaleno.cl\/es\/wp-content\/uploads\/2011\/09\/doctora1.jpg\" \/>\n<script type=\"application\/ld+json\" class=\"yoast-schema-graph\">{\"@context\":\"https:\/\/schema.org\",\"@graph\":[{\"@type\":\"WebPage\",\"@id\":\"https:\/\/t01.clinicadentalgaleno.cl\/es\/dra-marta-valenzuela\/\",\"url\":\"https:\/\/t01.clinicadentalgaleno.cl\/es\/dra-marta-valenzuela\/\",\"name\":\"Dra. Marta Valenzuela - Clinica Dental Galeno\",\"isPartOf\":{\"@id\":\"https:\/\/t01.clinicadentalgaleno.cl\/es\/#website\"},\"primaryImageOfPage\":{\"@id\":\"https:\/\/t01.clinicadentalgaleno.cl\/es\/dra-marta-valenzuela\/#primaryimage\"},\"image\":{\"@id\":\"https:\/\/t01.clinicadentalgaleno.cl\/es\/dra-marta-valenzuela\/#primaryimage\"},\"thumbnailUrl\":\"https:\/\/www.clinicadentalgaleno.cl\/es\/wp-content\/uploads\/2011\/09\/doctora1.jpg\",\"datePublished\":\"2011-09-01T19:01:12+00:00\",\"dateModified\":\"2013-12-10T21:51:08+00:00\",\"breadcrumb\":{\"@id\":\"https:\/\/t01.clinicadentalgaleno.cl\/es\/dra-marta-valenzuela\/#breadcrumb\"},\"inLanguage\":\"es\",\"potentialAction\":[{\"@type\":\"ReadAction\",\"target\":[\"https:\/\/t01.clinicadentalgaleno.cl\/es\/dra-marta-valenzuela\/\"]}]},{\"@type\":\"ImageObject\",\"inLanguage\":\"es\",\"@id\":\"https:\/\/t01.clinicadentalgaleno.cl\/es\/dra-marta-valenzuela\/#primaryimage\",\"url\":\"https:\/\/www.clinicadentalgaleno.cl\/es\/wp-content\/uploads\/2011\/09\/doctora1.jpg\",\"contentUrl\":\"https:\/\/www.clinicadentalgaleno.cl\/es\/wp-content\/uploads\/2011\/09\/doctora1.jpg\",\"width\":\"251\",\"height\":\"406\",\"caption\":\"Dentista en Santiago\"},{\"@type\":\"BreadcrumbList\",\"@id\":\"https:\/\/t01.clinicadentalgaleno.cl\/es\/dra-marta-valenzuela\/#breadcrumb\",\"itemListElement\":[{\"@type\":\"ListItem\",\"position\":1,\"name\":\"Portada\",\"item\":\"https:\/\/t01.clinicadentalgaleno.cl\/es\/\"},{\"@type\":\"ListItem\",\"position\":2,\"name\":\"Dra. Marta Valenzuela\"}]},{\"@type\":\"WebSite\",\"@id\":\"https:\/\/t01.clinicadentalgaleno.cl\/es\/#website\",\"url\":\"https:\/\/t01.clinicadentalgaleno.cl\/es\/\",\"name\":\"Clinica Dental Galeno\",\"description\":\"Dentista\",\"publisher\":{\"@id\":\"https:\/\/t01.clinicadentalgaleno.cl\/es\/#organization\"},\"potentialAction\":[{\"@type\":\"SearchAction\",\"target\":{\"@type\":\"EntryPoint\",\"urlTemplate\":\"https:\/\/t01.clinicadentalgaleno.cl\/es\/?s={search_term_string}\"},\"query-input\":{\"@type\":\"PropertyValueSpecification\",\"valueRequired\":true,\"valueName\":\"search_term_string\"}}],\"inLanguage\":\"es\"},{\"@type\":\"Organization\",\"@id\":\"https:\/\/t01.clinicadentalgaleno.cl\/es\/#organization\",\"name\":\"Clinica Dental Galeno\",\"url\":\"https:\/\/t01.clinicadentalgaleno.cl\/es\/\",\"logo\":{\"@type\":\"ImageObject\",\"inLanguage\":\"es\",\"@id\":\"https:\/\/t01.clinicadentalgaleno.cl\/es\/#\/schema\/logo\/image\/\",\"url\":\"https:\/\/www.clinicadentalgaleno.cl\/es\/wp-content\/uploads\/2015\/01\/CLINICADENTAL_GALENO.jpg\",\"contentUrl\":\"https:\/\/www.clinicadentalgaleno.cl\/es\/wp-content\/uploads\/2015\/01\/CLINICADENTAL_GALENO.jpg\",\"width\":1,\"height\":1,\"caption\":\"Clinica Dental Galeno\"},\"image\":{\"@id\":\"https:\/\/t01.clinicadentalgaleno.cl\/es\/#\/schema\/logo\/image\/\"},\"sameAs\":[\"https:\/\/www.facebook.com\/people\/Clinica-Dental-Galeno\/100002867129267\/\"]}]}<\/script>\n<!-- \/ Yoast SEO plugin. -->","yoast_head_json":{"title":"Dra. Marta Valenzuela - Clinica Dental Galeno","robots":{"index":"index","follow":"follow","max-snippet":"max-snippet:-1","max-image-preview":"max-image-preview:large","max-video-preview":"max-video-preview:-1"},"canonical":"https:\/\/t01.clinicadentalgaleno.cl\/es\/dra-marta-valenzuela\/","og_locale":"es_ES","og_type":"article","og_title":"Dra. Marta Valenzuela - Clinica Dental Galeno","og_description":"La Dra. Marta Valenzuela es Cirujano Dentista, con especialidad en Endodoncia, egresada de la Universidad de Concepci\u00f3n. Posee una vasta experiencia en sistemas de alto tr\u00e1fico de pacientes, tanto privados como p\u00fablicos, en donde ha ejercido las especialidades de operatoria, pr\u00f3tesis fija y removible, est\u00e9tica integral y rayos X. Desde el a\u00f1o 1971 ejerce en [&hellip;]","og_url":"https:\/\/t01.clinicadentalgaleno.cl\/es\/dra-marta-valenzuela\/","og_site_name":"Clinica Dental Galeno","article_publisher":"https:\/\/www.facebook.com\/people\/Clinica-Dental-Galeno\/100002867129267\/","article_modified_time":"2013-12-10T21:51:08+00:00","og_image":[{"url":"https:\/\/www.clinicadentalgaleno.cl\/es\/wp-content\/uploads\/2011\/09\/doctora1.jpg"}],"schema":{"@context":"https:\/\/schema.org","@graph":[{"@type":"WebPage","@id":"https:\/\/t01.clinicadentalgaleno.cl\/es\/dra-marta-valenzuela\/","url":"https:\/\/t01.clinicadentalgaleno.cl\/es\/dra-marta-valenzuela\/","name":"Dra. Marta Valenzuela - Clinica Dental Galeno","isPartOf":{"@id":"https:\/\/t01.clinicadentalgaleno.cl\/es\/#website"},"primaryImageOfPage":{"@id":"https:\/\/t01.clinicadentalgaleno.cl\/es\/dra-marta-valenzuela\/#primaryimage"},"image":{"@id":"https:\/\/t01.clinicadentalgaleno.cl\/es\/dra-marta-valenzuela\/#primaryimage"},"thumbnailUrl":"https:\/\/www.clinicadentalgaleno.cl\/es\/wp-content\/uploads\/2011\/09\/doctora1.jpg","datePublished":"2011-09-01T19:01:12+00:00","dateModified":"2013-12-10T21:51:08+00:00","breadcrumb":{"@id":"https:\/\/t01.clinicadentalgaleno.cl\/es\/dra-marta-valenzuela\/#breadcrumb"},"inLanguage":"es","potentialAction":[{"@type":"ReadAction","target":["https:\/\/t01.clinicadentalgaleno.cl\/es\/dra-marta-valenzuela\/"]}]},{"@type":"ImageObject","inLanguage":"es","@id":"https:\/\/t01.clinicadentalgaleno.cl\/es\/dra-marta-valenzuela\/#primaryimage","url":"https:\/\/www.clinicadentalgaleno.cl\/es\/wp-content\/uploads\/2011\/09\/doctora1.jpg","contentUrl":"https:\/\/www.clinicadentalgaleno.cl\/es\/wp-content\/uploads\/2011\/09\/doctora1.jpg","width":"251","height":"406","caption":"Dentista en Santiago"},{"@type":"BreadcrumbList","@id":"https:\/\/t01.clinicadentalgaleno.cl\/es\/dra-marta-valenzuela\/#breadcrumb","itemListElement":[{"@type":"ListItem","position":1,"name":"Portada","item":"https:\/\/t01.clinicadentalgaleno.cl\/es\/"},{"@type":"ListItem","position":2,"name":"Dra. Marta Valenzuela"}]},{"@type":"WebSite","@id":"https:\/\/t01.clinicadentalgaleno.cl\/es\/#website","url":"https:\/\/t01.clinicadentalgaleno.cl\/es\/","name":"Clinica Dental Galeno","description":"Dentista","publisher":{"@id":"https:\/\/t01.clinicadentalgaleno.cl\/es\/#organization"},"potentialAction":[{"@type":"SearchAction","target":{"@type":"EntryPoint","urlTemplate":"https:\/\/t01.clinicadentalgaleno.cl\/es\/?s={search_term_string}"},"query-input":{"@type":"PropertyValueSpecification","valueRequired":true,"valueName":"search_term_string"}}],"inLanguage":"es"},{"@type":"Organization","@id":"https:\/\/t01.clinicadentalgaleno.cl\/es\/#organization","name":"Clinica Dental Galeno","url":"https:\/\/t01.clinicadentalgaleno.cl\/es\/","logo":{"@type":"ImageObject","inLanguage":"es","@id":"https:\/\/t01.clinicadentalgaleno.cl\/es\/#\/schema\/logo\/image\/","url":"https:\/\/www.clinicadentalgaleno.cl\/es\/wp-content\/uploads\/2015\/01\/CLINICADENTAL_GALENO.jpg","contentUrl":"https:\/\/www.clinicadentalgaleno.cl\/es\/wp-content\/uploads\/2015\/01\/CLINICADENTAL_GALENO.jpg","width":1,"height":1,"caption":"Clinica Dental Galeno"},"image":{"@id":"https:\/\/t01.clinicadentalgaleno.cl\/es\/#\/schema\/logo\/image\/"},"sameAs":["https:\/\/www.facebook.com\/people\/Clinica-Dental-Galeno\/100002867129267\/"]}]}},"_links":{"self":[{"href":"https:\/\/www.clinicadentalgaleno.cl\/es\/wp-json\/wp\/v2\/pages\/13"}],"collection":[{"href":"https:\/\/www.clinicadentalgaleno.cl\/es\/wp-json\/wp\/v2\/pages"}],"about":[{"href":"https:\/\/www.clinicadentalgaleno.cl\/es\/wp-json\/wp\/v2\/types\/page"}],"author":[{"embeddable":true,"href":"https:\/\/www.clinicadentalgaleno.cl\/es\/wp-json\/wp\/v2\/users\/1"}],"replies":[{"embeddable":true,"href":"https:\/\/www.clinicadentalgaleno.cl\/es\/wp-json\/wp\/v2\/comments?post=13"}],"version-history":[{"count":14,"href":"https:\/\/www.clinicadentalgaleno.cl\/es\/wp-json\/wp\/v2\/pages\/13\/revisions"}],"predecessor-version":[{"id":589,"href":"https:\/\/www.clinicadentalgaleno.cl\/es\/wp-json\/wp\/v2\/pages\/13\/revisions\/589"}],"wp:attachment":[{"href":"https:\/\/www.clinicadentalgaleno.cl\/es\/wp-json\/wp\/v2\/media?parent=13"}],"curies":[{"name":"wp","href":"https:\/\/api.w.org\/{rel}","templated":true}]}}