{"id":23,"date":"2011-09-01T15:05:39","date_gmt":"2011-09-01T19:05:39","guid":{"rendered":"http:\/\/www.clinicadentalgaleno.cl\/es\/?page_id=23"},"modified":"2011-09-04T12:40:18","modified_gmt":"2011-09-04T16:40:18","slug":"endodoncia","status":"publish","type":"page","link":"https:\/\/www.clinicadentalgaleno.cl\/es\/especialidades-clinica\/endodoncia\/","title":{"rendered":"Endodoncia"},"content":{"rendered":"<p style=\"text-align: justify;\"><img loading=\"lazy\" decoding=\"async\" class=\"alignleft size-full wp-image-181\" style=\"margin-right: 8px; border: 0pt none;\" title=\"especialidades3\" src=\"https:\/\/www.clinicadentalgaleno.cl\/es\/wp-content\/uploads\/2011\/09\/especialidades32.jpg\" alt=\"\" width=\"251\" height=\"251\" srcset=\"https:\/\/www.clinicadentalgaleno.cl\/es\/wp-content\/uploads\/2011\/09\/especialidades32.jpg 251w, https:\/\/www.clinicadentalgaleno.cl\/es\/wp-content\/uploads\/2011\/09\/especialidades32-150x150.jpg 150w\" sizes=\"(max-width: 251px) 100vw, 251px\" \/>En nuestra cl\u00ednica realizamos el diagn\u00f3stico y tratamiento de las lesiones y enfermedades de los tejidos del interior del diente. En este procedimiento, si es necesario, se elimina la pulpa afectada de un diente, da\u00f1ado o muerto y se sella el conducto. La pulpa es la parte profunda del diente y contiene vasos sangu\u00edneos y nervios, situ\u00e1ndose en la parte central de la ra\u00edz y comunicando el diente con el hueso maxilar. La endodoncia puede clasificarse en tres tipos: unirradicular, cuando afecta a un diente que tiene una sola ra\u00edz, y por ello un solo conducto pulpar. Es birradicular, cuando afecta a un diente que tiene dos ra\u00edces y por ello dos conductos pulpares. Es polirradicular cuando afecta a un diente que tiene m\u00e1s de dos ra\u00edces y por ello varios conductos pulpares.<\/p>\n<p style=\"text-align: justify;\">Algunas de las prestaciones en endodoncia que nuestra cl\u00ednica ofrece son: tratamientos de conductos, tratamientos y blanqueamientos de dientes desvitalizados, trepanaciones.<\/p>\n","protected":false},"excerpt":{"rendered":"<p>En nuestra cl\u00ednica realizamos el diagn\u00f3stico y tratamiento de las lesiones y enfermedades de los tejidos del interior del diente. En este procedimiento, si es necesario, se elimina la pulpa afectada de un diente, da\u00f1ado o muerto y se sella el conducto. La pulpa es la parte profunda del diente y contiene vasos sangu\u00edneos y [&hellip;]<\/p>\n","protected":false},"author":1,"featured_media":0,"parent":17,"menu_order":2,"comment_status":"closed","ping_status":"closed","template":"","meta":{"footnotes":""},"yoast_head":"<!-- This site is optimized with the Yoast SEO plugin v23.5 - https:\/\/yoast.com\/wordpress\/plugins\/seo\/ -->\n<title>Endodoncia - Clinica Dental Galeno<\/title>\n<meta name=\"robots\" content=\"index, follow, max-snippet:-1, max-image-preview:large, max-video-preview:-1\" \/>\n<link rel=\"canonical\" href=\"https:\/\/t01.clinicadentalgaleno.cl\/es\/especialidades-clinica\/endodoncia\/\" \/>\n<meta property=\"og:locale\" content=\"es_ES\" \/>\n<meta property=\"og:type\" content=\"article\" \/>\n<meta property=\"og:title\" content=\"Endodoncia - Clinica Dental Galeno\" \/>\n<meta property=\"og:description\" content=\"En nuestra cl\u00ednica realizamos el diagn\u00f3stico y tratamiento de las lesiones y enfermedades de los tejidos del interior del diente. En este procedimiento, si es necesario, se elimina la pulpa afectada de un diente, da\u00f1ado o muerto y se sella el conducto. La pulpa es la parte profunda del diente y contiene vasos sangu\u00edneos y [&hellip;]\" \/>\n<meta property=\"og:url\" content=\"https:\/\/t01.clinicadentalgaleno.cl\/es\/especialidades-clinica\/endodoncia\/\" \/>\n<meta property=\"og:site_name\" content=\"Clinica Dental Galeno\" \/>\n<meta property=\"article:publisher\" content=\"https:\/\/www.facebook.com\/people\/Clinica-Dental-Galeno\/100002867129267\/\" \/>\n<meta property=\"article:modified_time\" content=\"2011-09-04T16:40:18+00:00\" \/>\n<meta property=\"og:image\" content=\"https:\/\/www.clinicadentalgaleno.cl\/es\/wp-content\/uploads\/2011\/09\/especialidades32.jpg\" \/>\n<script type=\"application\/ld+json\" class=\"yoast-schema-graph\">{\"@context\":\"https:\/\/schema.org\",\"@graph\":[{\"@type\":\"WebPage\",\"@id\":\"https:\/\/t01.clinicadentalgaleno.cl\/es\/especialidades-clinica\/endodoncia\/\",\"url\":\"https:\/\/t01.clinicadentalgaleno.cl\/es\/especialidades-clinica\/endodoncia\/\",\"name\":\"Endodoncia - Clinica Dental Galeno\",\"isPartOf\":{\"@id\":\"https:\/\/t01.clinicadentalgaleno.cl\/es\/#website\"},\"primaryImageOfPage\":{\"@id\":\"https:\/\/t01.clinicadentalgaleno.cl\/es\/especialidades-clinica\/endodoncia\/#primaryimage\"},\"image\":{\"@id\":\"https:\/\/t01.clinicadentalgaleno.cl\/es\/especialidades-clinica\/endodoncia\/#primaryimage\"},\"thumbnailUrl\":\"https:\/\/www.clinicadentalgaleno.cl\/es\/wp-content\/uploads\/2011\/09\/especialidades32.jpg\",\"datePublished\":\"2011-09-01T19:05:39+00:00\",\"dateModified\":\"2011-09-04T16:40:18+00:00\",\"breadcrumb\":{\"@id\":\"https:\/\/t01.clinicadentalgaleno.cl\/es\/especialidades-clinica\/endodoncia\/#breadcrumb\"},\"inLanguage\":\"es\",\"potentialAction\":[{\"@type\":\"ReadAction\",\"target\":[\"https:\/\/t01.clinicadentalgaleno.cl\/es\/especialidades-clinica\/endodoncia\/\"]}]},{\"@type\":\"ImageObject\",\"inLanguage\":\"es\",\"@id\":\"https:\/\/t01.clinicadentalgaleno.cl\/es\/especialidades-clinica\/endodoncia\/#primaryimage\",\"url\":\"https:\/\/www.clinicadentalgaleno.cl\/es\/wp-content\/uploads\/2011\/09\/especialidades32.jpg\",\"contentUrl\":\"https:\/\/www.clinicadentalgaleno.cl\/es\/wp-content\/uploads\/2011\/09\/especialidades32.jpg\",\"width\":\"251\",\"height\":\"251\"},{\"@type\":\"BreadcrumbList\",\"@id\":\"https:\/\/t01.clinicadentalgaleno.cl\/es\/especialidades-clinica\/endodoncia\/#breadcrumb\",\"itemListElement\":[{\"@type\":\"ListItem\",\"position\":1,\"name\":\"Portada\",\"item\":\"https:\/\/t01.clinicadentalgaleno.cl\/es\/\"},{\"@type\":\"ListItem\",\"position\":2,\"name\":\"Especialidades Cl\u00ednica\",\"item\":\"https:\/\/t01.clinicadentalgaleno.cl\/es\/especialidades-clinica\/\"},{\"@type\":\"ListItem\",\"position\":3,\"name\":\"Endodoncia\"}]},{\"@type\":\"WebSite\",\"@id\":\"https:\/\/t01.clinicadentalgaleno.cl\/es\/#website\",\"url\":\"https:\/\/t01.clinicadentalgaleno.cl\/es\/\",\"name\":\"Clinica Dental Galeno\",\"description\":\"Dentista\",\"publisher\":{\"@id\":\"https:\/\/t01.clinicadentalgaleno.cl\/es\/#organization\"},\"potentialAction\":[{\"@type\":\"SearchAction\",\"target\":{\"@type\":\"EntryPoint\",\"urlTemplate\":\"https:\/\/t01.clinicadentalgaleno.cl\/es\/?s={search_term_string}\"},\"query-input\":{\"@type\":\"PropertyValueSpecification\",\"valueRequired\":true,\"valueName\":\"search_term_string\"}}],\"inLanguage\":\"es\"},{\"@type\":\"Organization\",\"@id\":\"https:\/\/t01.clinicadentalgaleno.cl\/es\/#organization\",\"name\":\"Clinica Dental Galeno\",\"url\":\"https:\/\/t01.clinicadentalgaleno.cl\/es\/\",\"logo\":{\"@type\":\"ImageObject\",\"inLanguage\":\"es\",\"@id\":\"https:\/\/t01.clinicadentalgaleno.cl\/es\/#\/schema\/logo\/image\/\",\"url\":\"https:\/\/www.clinicadentalgaleno.cl\/es\/wp-content\/uploads\/2015\/01\/CLINICADENTAL_GALENO.jpg\",\"contentUrl\":\"https:\/\/www.clinicadentalgaleno.cl\/es\/wp-content\/uploads\/2015\/01\/CLINICADENTAL_GALENO.jpg\",\"width\":1,\"height\":1,\"caption\":\"Clinica Dental Galeno\"},\"image\":{\"@id\":\"https:\/\/t01.clinicadentalgaleno.cl\/es\/#\/schema\/logo\/image\/\"},\"sameAs\":[\"https:\/\/www.facebook.com\/people\/Clinica-Dental-Galeno\/100002867129267\/\"]}]}<\/script>\n<!-- \/ Yoast SEO plugin. -->","yoast_head_json":{"title":"Endodoncia - Clinica Dental Galeno","robots":{"index":"index","follow":"follow","max-snippet":"max-snippet:-1","max-image-preview":"max-image-preview:large","max-video-preview":"max-video-preview:-1"},"canonical":"https:\/\/t01.clinicadentalgaleno.cl\/es\/especialidades-clinica\/endodoncia\/","og_locale":"es_ES","og_type":"article","og_title":"Endodoncia - Clinica Dental Galeno","og_description":"En nuestra cl\u00ednica realizamos el diagn\u00f3stico y tratamiento de las lesiones y enfermedades de los tejidos del interior del diente. En este procedimiento, si es necesario, se elimina la pulpa afectada de un diente, da\u00f1ado o muerto y se sella el conducto. La pulpa es la parte profunda del diente y contiene vasos sangu\u00edneos y [&hellip;]","og_url":"https:\/\/t01.clinicadentalgaleno.cl\/es\/especialidades-clinica\/endodoncia\/","og_site_name":"Clinica Dental Galeno","article_publisher":"https:\/\/www.facebook.com\/people\/Clinica-Dental-Galeno\/100002867129267\/","article_modified_time":"2011-09-04T16:40:18+00:00","og_image":[{"url":"https:\/\/www.clinicadentalgaleno.cl\/es\/wp-content\/uploads\/2011\/09\/especialidades32.jpg"}],"schema":{"@context":"https:\/\/schema.org","@graph":[{"@type":"WebPage","@id":"https:\/\/t01.clinicadentalgaleno.cl\/es\/especialidades-clinica\/endodoncia\/","url":"https:\/\/t01.clinicadentalgaleno.cl\/es\/especialidades-clinica\/endodoncia\/","name":"Endodoncia - Clinica Dental Galeno","isPartOf":{"@id":"https:\/\/t01.clinicadentalgaleno.cl\/es\/#website"},"primaryImageOfPage":{"@id":"https:\/\/t01.clinicadentalgaleno.cl\/es\/especialidades-clinica\/endodoncia\/#primaryimage"},"image":{"@id":"https:\/\/t01.clinicadentalgaleno.cl\/es\/especialidades-clinica\/endodoncia\/#primaryimage"},"thumbnailUrl":"https:\/\/www.clinicadentalgaleno.cl\/es\/wp-content\/uploads\/2011\/09\/especialidades32.jpg","datePublished":"2011-09-01T19:05:39+00:00","dateModified":"2011-09-04T16:40:18+00:00","breadcrumb":{"@id":"https:\/\/t01.clinicadentalgaleno.cl\/es\/especialidades-clinica\/endodoncia\/#breadcrumb"},"inLanguage":"es","potentialAction":[{"@type":"ReadAction","target":["https:\/\/t01.clinicadentalgaleno.cl\/es\/especialidades-clinica\/endodoncia\/"]}]},{"@type":"ImageObject","inLanguage":"es","@id":"https:\/\/t01.clinicadentalgaleno.cl\/es\/especialidades-clinica\/endodoncia\/#primaryimage","url":"https:\/\/www.clinicadentalgaleno.cl\/es\/wp-content\/uploads\/2011\/09\/especialidades32.jpg","contentUrl":"https:\/\/www.clinicadentalgaleno.cl\/es\/wp-content\/uploads\/2011\/09\/especialidades32.jpg","width":"251","height":"251"},{"@type":"BreadcrumbList","@id":"https:\/\/t01.clinicadentalgaleno.cl\/es\/especialidades-clinica\/endodoncia\/#breadcrumb","itemListElement":[{"@type":"ListItem","position":1,"name":"Portada","item":"https:\/\/t01.clinicadentalgaleno.cl\/es\/"},{"@type":"ListItem","position":2,"name":"Especialidades Cl\u00ednica","item":"https:\/\/t01.clinicadentalgaleno.cl\/es\/especialidades-clinica\/"},{"@type":"ListItem","position":3,"name":"Endodoncia"}]},{"@type":"WebSite","@id":"https:\/\/t01.clinicadentalgaleno.cl\/es\/#website","url":"https:\/\/t01.clinicadentalgaleno.cl\/es\/","name":"Clinica Dental Galeno","description":"Dentista","publisher":{"@id":"https:\/\/t01.clinicadentalgaleno.cl\/es\/#organization"},"potentialAction":[{"@type":"SearchAction","target":{"@type":"EntryPoint","urlTemplate":"https:\/\/t01.clinicadentalgaleno.cl\/es\/?s={search_term_string}"},"query-input":{"@type":"PropertyValueSpecification","valueRequired":true,"valueName":"search_term_string"}}],"inLanguage":"es"},{"@type":"Organization","@id":"https:\/\/t01.clinicadentalgaleno.cl\/es\/#organization","name":"Clinica Dental Galeno","url":"https:\/\/t01.clinicadentalgaleno.cl\/es\/","logo":{"@type":"ImageObject","inLanguage":"es","@id":"https:\/\/t01.clinicadentalgaleno.cl\/es\/#\/schema\/logo\/image\/","url":"https:\/\/www.clinicadentalgaleno.cl\/es\/wp-content\/uploads\/2015\/01\/CLINICADENTAL_GALENO.jpg","contentUrl":"https:\/\/www.clinicadentalgaleno.cl\/es\/wp-content\/uploads\/2015\/01\/CLINICADENTAL_GALENO.jpg","width":1,"height":1,"caption":"Clinica Dental Galeno"},"image":{"@id":"https:\/\/t01.clinicadentalgaleno.cl\/es\/#\/schema\/logo\/image\/"},"sameAs":["https:\/\/www.facebook.com\/people\/Clinica-Dental-Galeno\/100002867129267\/"]}]}},"_links":{"self":[{"href":"https:\/\/www.clinicadentalgaleno.cl\/es\/wp-json\/wp\/v2\/pages\/23"}],"collection":[{"href":"https:\/\/www.clinicadentalgaleno.cl\/es\/wp-json\/wp\/v2\/pages"}],"about":[{"href":"https:\/\/www.clinicadentalgaleno.cl\/es\/wp-json\/wp\/v2\/types\/page"}],"author":[{"embeddable":true,"href":"https:\/\/www.clinicadentalgaleno.cl\/es\/wp-json\/wp\/v2\/users\/1"}],"replies":[{"embeddable":true,"href":"https:\/\/www.clinicadentalgaleno.cl\/es\/wp-json\/wp\/v2\/comments?post=23"}],"version-history":[{"count":5,"href":"https:\/\/www.clinicadentalgaleno.cl\/es\/wp-json\/wp\/v2\/pages\/23\/revisions"}],"predecessor-version":[{"id":258,"href":"https:\/\/www.clinicadentalgaleno.cl\/es\/wp-json\/wp\/v2\/pages\/23\/revisions\/258"}],"up":[{"embeddable":true,"href":"https:\/\/www.clinicadentalgaleno.cl\/es\/wp-json\/wp\/v2\/pages\/17"}],"wp:attachment":[{"href":"https:\/\/www.clinicadentalgaleno.cl\/es\/wp-json\/wp\/v2\/media?parent=23"}],"curies":[{"name":"wp","href":"https:\/\/api.w.org\/{rel}","templated":true}]}}