{"id":34,"date":"2011-09-01T15:19:25","date_gmt":"2011-09-01T19:19:25","guid":{"rendered":"http:\/\/www.clinicadentalgaleno.cl\/es\/?page_id=34"},"modified":"2011-09-03T17:45:32","modified_gmt":"2011-09-03T21:45:32","slug":"protesis-fija-y-removible","status":"publish","type":"page","link":"https:\/\/www.clinicadentalgaleno.cl\/es\/especialidades-clinica\/protesis-fija-y-removible\/","title":{"rendered":"Pr\u00f3tesis fija y removible"},"content":{"rendered":"<p align=\"justify\">Ofrecemos tratamientos especiales para el reemplazo de los dientes ausentes y tejidos orales para restaurar y mantener la forma, funci\u00f3n y apariencia (prostodoncia total). Asimismo, nos encargamos de rehabilitaci\u00f3n dentaria por la ausencia de algunas piezas dentales (protodoncia parcial).<\/p>\n<p align=\"justify\">Realizamos trabajos de pr\u00f3tesis dental individual para la rehabilitaci\u00f3n de una sola pieza. (ejemplo: la corona es una restauraci\u00f3n extracoronal cementada, que recubre la superficie externa de la corona cl\u00ednica, reproduciendo la morfolog\u00eda y los contornos de las partes afectadas de la corona del diente).<\/p>\n<p align=\"justify\">Es pertinente se\u00f1alar que la pr\u00f3tesis dental parcial fija reemplaza la porci\u00f3n coronal de los dientes o de uno o m\u00e1s dientes naturales perdidos y sus estructuras asociadas por medio de pr\u00f3tesis dentales dise\u00f1adas para no ser removidas por el paciente. Son prestaciones de pr\u00f3tesis fija las coronas temporales de acr\u00edlico, coronas de porcelana, inserciones para puentes, incrustaciones met\u00e1licas. En tanto, la pr\u00f3tesis dental parcial removible reemplaza dientes perdidos y tejidos que los rodean mediante pr\u00f3tesis dise\u00f1adas para ser removidas por el paciente.<\/p>\n","protected":false},"excerpt":{"rendered":"<p>Ofrecemos tratamientos especiales para el reemplazo de los dientes ausentes y tejidos orales para restaurar y mantener la forma, funci\u00f3n y apariencia (prostodoncia total). Asimismo, nos encargamos de rehabilitaci\u00f3n dentaria por la ausencia de algunas piezas dentales (protodoncia parcial). Realizamos trabajos de pr\u00f3tesis dental individual para la rehabilitaci\u00f3n de una sola pieza. (ejemplo: la corona [&hellip;]<\/p>\n","protected":false},"author":1,"featured_media":0,"parent":17,"menu_order":5,"comment_status":"closed","ping_status":"closed","template":"","meta":{"footnotes":""},"yoast_head":"<!-- This site is optimized with the Yoast SEO plugin v23.5 - https:\/\/yoast.com\/wordpress\/plugins\/seo\/ -->\n<title>Pr\u00f3tesis fija y removible - Clinica Dental Galeno<\/title>\n<meta name=\"robots\" content=\"index, follow, max-snippet:-1, max-image-preview:large, max-video-preview:-1\" \/>\n<link rel=\"canonical\" href=\"https:\/\/t01.clinicadentalgaleno.cl\/es\/especialidades-clinica\/protesis-fija-y-removible\/\" \/>\n<meta property=\"og:locale\" content=\"es_ES\" \/>\n<meta property=\"og:type\" content=\"article\" \/>\n<meta property=\"og:title\" content=\"Pr\u00f3tesis fija y removible - Clinica Dental Galeno\" \/>\n<meta property=\"og:description\" content=\"Ofrecemos tratamientos especiales para el reemplazo de los dientes ausentes y tejidos orales para restaurar y mantener la forma, funci\u00f3n y apariencia (prostodoncia total). Asimismo, nos encargamos de rehabilitaci\u00f3n dentaria por la ausencia de algunas piezas dentales (protodoncia parcial). Realizamos trabajos de pr\u00f3tesis dental individual para la rehabilitaci\u00f3n de una sola pieza. (ejemplo: la corona [&hellip;]\" \/>\n<meta property=\"og:url\" content=\"https:\/\/t01.clinicadentalgaleno.cl\/es\/especialidades-clinica\/protesis-fija-y-removible\/\" \/>\n<meta property=\"og:site_name\" content=\"Clinica Dental Galeno\" \/>\n<meta property=\"article:publisher\" content=\"https:\/\/www.facebook.com\/people\/Clinica-Dental-Galeno\/100002867129267\/\" \/>\n<meta property=\"article:modified_time\" content=\"2011-09-03T21:45:32+00:00\" \/>\n<script type=\"application\/ld+json\" class=\"yoast-schema-graph\">{\"@context\":\"https:\/\/schema.org\",\"@graph\":[{\"@type\":\"WebPage\",\"@id\":\"https:\/\/t01.clinicadentalgaleno.cl\/es\/especialidades-clinica\/protesis-fija-y-removible\/\",\"url\":\"https:\/\/t01.clinicadentalgaleno.cl\/es\/especialidades-clinica\/protesis-fija-y-removible\/\",\"name\":\"Pr\u00f3tesis fija y removible - Clinica Dental Galeno\",\"isPartOf\":{\"@id\":\"https:\/\/t01.clinicadentalgaleno.cl\/es\/#website\"},\"datePublished\":\"2011-09-01T19:19:25+00:00\",\"dateModified\":\"2011-09-03T21:45:32+00:00\",\"breadcrumb\":{\"@id\":\"https:\/\/t01.clinicadentalgaleno.cl\/es\/especialidades-clinica\/protesis-fija-y-removible\/#breadcrumb\"},\"inLanguage\":\"es\",\"potentialAction\":[{\"@type\":\"ReadAction\",\"target\":[\"https:\/\/t01.clinicadentalgaleno.cl\/es\/especialidades-clinica\/protesis-fija-y-removible\/\"]}]},{\"@type\":\"BreadcrumbList\",\"@id\":\"https:\/\/t01.clinicadentalgaleno.cl\/es\/especialidades-clinica\/protesis-fija-y-removible\/#breadcrumb\",\"itemListElement\":[{\"@type\":\"ListItem\",\"position\":1,\"name\":\"Portada\",\"item\":\"https:\/\/t01.clinicadentalgaleno.cl\/es\/\"},{\"@type\":\"ListItem\",\"position\":2,\"name\":\"Especialidades Cl\u00ednica\",\"item\":\"https:\/\/t01.clinicadentalgaleno.cl\/es\/especialidades-clinica\/\"},{\"@type\":\"ListItem\",\"position\":3,\"name\":\"Pr\u00f3tesis fija y removible\"}]},{\"@type\":\"WebSite\",\"@id\":\"https:\/\/t01.clinicadentalgaleno.cl\/es\/#website\",\"url\":\"https:\/\/t01.clinicadentalgaleno.cl\/es\/\",\"name\":\"Clinica Dental Galeno\",\"description\":\"Dentista\",\"publisher\":{\"@id\":\"https:\/\/t01.clinicadentalgaleno.cl\/es\/#organization\"},\"potentialAction\":[{\"@type\":\"SearchAction\",\"target\":{\"@type\":\"EntryPoint\",\"urlTemplate\":\"https:\/\/t01.clinicadentalgaleno.cl\/es\/?s={search_term_string}\"},\"query-input\":{\"@type\":\"PropertyValueSpecification\",\"valueRequired\":true,\"valueName\":\"search_term_string\"}}],\"inLanguage\":\"es\"},{\"@type\":\"Organization\",\"@id\":\"https:\/\/t01.clinicadentalgaleno.cl\/es\/#organization\",\"name\":\"Clinica Dental Galeno\",\"url\":\"https:\/\/t01.clinicadentalgaleno.cl\/es\/\",\"logo\":{\"@type\":\"ImageObject\",\"inLanguage\":\"es\",\"@id\":\"https:\/\/t01.clinicadentalgaleno.cl\/es\/#\/schema\/logo\/image\/\",\"url\":\"https:\/\/www.clinicadentalgaleno.cl\/es\/wp-content\/uploads\/2015\/01\/CLINICADENTAL_GALENO.jpg\",\"contentUrl\":\"https:\/\/www.clinicadentalgaleno.cl\/es\/wp-content\/uploads\/2015\/01\/CLINICADENTAL_GALENO.jpg\",\"width\":1,\"height\":1,\"caption\":\"Clinica Dental Galeno\"},\"image\":{\"@id\":\"https:\/\/t01.clinicadentalgaleno.cl\/es\/#\/schema\/logo\/image\/\"},\"sameAs\":[\"https:\/\/www.facebook.com\/people\/Clinica-Dental-Galeno\/100002867129267\/\"]}]}<\/script>\n<!-- \/ Yoast SEO plugin. -->","yoast_head_json":{"title":"Pr\u00f3tesis fija y removible - Clinica Dental Galeno","robots":{"index":"index","follow":"follow","max-snippet":"max-snippet:-1","max-image-preview":"max-image-preview:large","max-video-preview":"max-video-preview:-1"},"canonical":"https:\/\/t01.clinicadentalgaleno.cl\/es\/especialidades-clinica\/protesis-fija-y-removible\/","og_locale":"es_ES","og_type":"article","og_title":"Pr\u00f3tesis fija y removible - Clinica Dental Galeno","og_description":"Ofrecemos tratamientos especiales para el reemplazo de los dientes ausentes y tejidos orales para restaurar y mantener la forma, funci\u00f3n y apariencia (prostodoncia total). Asimismo, nos encargamos de rehabilitaci\u00f3n dentaria por la ausencia de algunas piezas dentales (protodoncia parcial). Realizamos trabajos de pr\u00f3tesis dental individual para la rehabilitaci\u00f3n de una sola pieza. (ejemplo: la corona [&hellip;]","og_url":"https:\/\/t01.clinicadentalgaleno.cl\/es\/especialidades-clinica\/protesis-fija-y-removible\/","og_site_name":"Clinica Dental Galeno","article_publisher":"https:\/\/www.facebook.com\/people\/Clinica-Dental-Galeno\/100002867129267\/","article_modified_time":"2011-09-03T21:45:32+00:00","schema":{"@context":"https:\/\/schema.org","@graph":[{"@type":"WebPage","@id":"https:\/\/t01.clinicadentalgaleno.cl\/es\/especialidades-clinica\/protesis-fija-y-removible\/","url":"https:\/\/t01.clinicadentalgaleno.cl\/es\/especialidades-clinica\/protesis-fija-y-removible\/","name":"Pr\u00f3tesis fija y removible - Clinica Dental Galeno","isPartOf":{"@id":"https:\/\/t01.clinicadentalgaleno.cl\/es\/#website"},"datePublished":"2011-09-01T19:19:25+00:00","dateModified":"2011-09-03T21:45:32+00:00","breadcrumb":{"@id":"https:\/\/t01.clinicadentalgaleno.cl\/es\/especialidades-clinica\/protesis-fija-y-removible\/#breadcrumb"},"inLanguage":"es","potentialAction":[{"@type":"ReadAction","target":["https:\/\/t01.clinicadentalgaleno.cl\/es\/especialidades-clinica\/protesis-fija-y-removible\/"]}]},{"@type":"BreadcrumbList","@id":"https:\/\/t01.clinicadentalgaleno.cl\/es\/especialidades-clinica\/protesis-fija-y-removible\/#breadcrumb","itemListElement":[{"@type":"ListItem","position":1,"name":"Portada","item":"https:\/\/t01.clinicadentalgaleno.cl\/es\/"},{"@type":"ListItem","position":2,"name":"Especialidades Cl\u00ednica","item":"https:\/\/t01.clinicadentalgaleno.cl\/es\/especialidades-clinica\/"},{"@type":"ListItem","position":3,"name":"Pr\u00f3tesis fija y removible"}]},{"@type":"WebSite","@id":"https:\/\/t01.clinicadentalgaleno.cl\/es\/#website","url":"https:\/\/t01.clinicadentalgaleno.cl\/es\/","name":"Clinica Dental Galeno","description":"Dentista","publisher":{"@id":"https:\/\/t01.clinicadentalgaleno.cl\/es\/#organization"},"potentialAction":[{"@type":"SearchAction","target":{"@type":"EntryPoint","urlTemplate":"https:\/\/t01.clinicadentalgaleno.cl\/es\/?s={search_term_string}"},"query-input":{"@type":"PropertyValueSpecification","valueRequired":true,"valueName":"search_term_string"}}],"inLanguage":"es"},{"@type":"Organization","@id":"https:\/\/t01.clinicadentalgaleno.cl\/es\/#organization","name":"Clinica Dental Galeno","url":"https:\/\/t01.clinicadentalgaleno.cl\/es\/","logo":{"@type":"ImageObject","inLanguage":"es","@id":"https:\/\/t01.clinicadentalgaleno.cl\/es\/#\/schema\/logo\/image\/","url":"https:\/\/www.clinicadentalgaleno.cl\/es\/wp-content\/uploads\/2015\/01\/CLINICADENTAL_GALENO.jpg","contentUrl":"https:\/\/www.clinicadentalgaleno.cl\/es\/wp-content\/uploads\/2015\/01\/CLINICADENTAL_GALENO.jpg","width":1,"height":1,"caption":"Clinica Dental Galeno"},"image":{"@id":"https:\/\/t01.clinicadentalgaleno.cl\/es\/#\/schema\/logo\/image\/"},"sameAs":["https:\/\/www.facebook.com\/people\/Clinica-Dental-Galeno\/100002867129267\/"]}]}},"_links":{"self":[{"href":"https:\/\/www.clinicadentalgaleno.cl\/es\/wp-json\/wp\/v2\/pages\/34"}],"collection":[{"href":"https:\/\/www.clinicadentalgaleno.cl\/es\/wp-json\/wp\/v2\/pages"}],"about":[{"href":"https:\/\/www.clinicadentalgaleno.cl\/es\/wp-json\/wp\/v2\/types\/page"}],"author":[{"embeddable":true,"href":"https:\/\/www.clinicadentalgaleno.cl\/es\/wp-json\/wp\/v2\/users\/1"}],"replies":[{"embeddable":true,"href":"https:\/\/www.clinicadentalgaleno.cl\/es\/wp-json\/wp\/v2\/comments?post=34"}],"version-history":[{"count":2,"href":"https:\/\/www.clinicadentalgaleno.cl\/es\/wp-json\/wp\/v2\/pages\/34\/revisions"}],"predecessor-version":[{"id":68,"href":"https:\/\/www.clinicadentalgaleno.cl\/es\/wp-json\/wp\/v2\/pages\/34\/revisions\/68"}],"up":[{"embeddable":true,"href":"https:\/\/www.clinicadentalgaleno.cl\/es\/wp-json\/wp\/v2\/pages\/17"}],"wp:attachment":[{"href":"https:\/\/www.clinicadentalgaleno.cl\/es\/wp-json\/wp\/v2\/media?parent=34"}],"curies":[{"name":"wp","href":"https:\/\/api.w.org\/{rel}","templated":true}]}}