{"id":36,"date":"2011-09-01T15:20:10","date_gmt":"2011-09-01T19:20:10","guid":{"rendered":"http:\/\/www.clinicadentalgaleno.cl\/es\/?page_id=36"},"modified":"2015-12-15T23:25:39","modified_gmt":"2015-12-16T02:25:39","slug":"urgencias-y-atencion-a-domicilio","status":"publish","type":"page","link":"https:\/\/www.clinicadentalgaleno.cl\/es\/especialidades-clinica\/urgencias-y-atencion-a-domicilio\/","title":{"rendered":"Urgencias y atenci\u00f3n a domicilio"},"content":{"rendered":"<p style=\"text-align: justify;\">\nOfrecemos atenci\u00f3n de urgencias en cl\u00ednica y a domicilio. Son los llamados tratamientos primarios por demanda espont\u00e1nea del paciente, ya se por dolor por infecci\u00f3n, inflamaci\u00f3n, traumatismo o desalojo de obturaciones (tapaduras). Despu\u00e9s de esta instancia, el paciente es derivado al odont\u00f3logo de la especialidad que corresponda para evaluaci\u00f3n y tratamiento.<\/p>\n","protected":false},"excerpt":{"rendered":"<p>Ofrecemos atenci\u00f3n de urgencias en cl\u00ednica y a domicilio. Son los llamados tratamientos primarios por demanda espont\u00e1nea del paciente, ya se por dolor por infecci\u00f3n, inflamaci\u00f3n, traumatismo o desalojo de obturaciones (tapaduras). Despu\u00e9s de esta instancia, el paciente es derivado al odont\u00f3logo de la especialidad que corresponda para evaluaci\u00f3n y tratamiento.<\/p>\n","protected":false},"author":1,"featured_media":0,"parent":17,"menu_order":6,"comment_status":"closed","ping_status":"closed","template":"","meta":{"footnotes":""},"yoast_head":"<!-- This site is optimized with the Yoast SEO plugin v23.5 - https:\/\/yoast.com\/wordpress\/plugins\/seo\/ -->\n<title>Urgencias y atenci\u00f3n a domicilio - Clinica Dental Galeno<\/title>\n<meta name=\"robots\" content=\"index, follow, max-snippet:-1, max-image-preview:large, max-video-preview:-1\" \/>\n<link rel=\"canonical\" href=\"https:\/\/t01.clinicadentalgaleno.cl\/es\/especialidades-clinica\/urgencias-y-atencion-a-domicilio\/\" \/>\n<meta property=\"og:locale\" content=\"es_ES\" \/>\n<meta property=\"og:type\" content=\"article\" \/>\n<meta property=\"og:title\" content=\"Urgencias y atenci\u00f3n a domicilio - Clinica Dental Galeno\" \/>\n<meta property=\"og:description\" content=\"Ofrecemos atenci\u00f3n de urgencias en cl\u00ednica y a domicilio. Son los llamados tratamientos primarios por demanda espont\u00e1nea del paciente, ya se por dolor por infecci\u00f3n, inflamaci\u00f3n, traumatismo o desalojo de obturaciones (tapaduras). Despu\u00e9s de esta instancia, el paciente es derivado al odont\u00f3logo de la especialidad que corresponda para evaluaci\u00f3n y tratamiento.\" \/>\n<meta property=\"og:url\" content=\"https:\/\/t01.clinicadentalgaleno.cl\/es\/especialidades-clinica\/urgencias-y-atencion-a-domicilio\/\" \/>\n<meta property=\"og:site_name\" content=\"Clinica Dental Galeno\" \/>\n<meta property=\"article:publisher\" content=\"https:\/\/www.facebook.com\/people\/Clinica-Dental-Galeno\/100002867129267\/\" \/>\n<meta property=\"article:modified_time\" content=\"2015-12-16T02:25:39+00:00\" \/>\n<script type=\"application\/ld+json\" class=\"yoast-schema-graph\">{\"@context\":\"https:\/\/schema.org\",\"@graph\":[{\"@type\":\"WebPage\",\"@id\":\"https:\/\/t01.clinicadentalgaleno.cl\/es\/especialidades-clinica\/urgencias-y-atencion-a-domicilio\/\",\"url\":\"https:\/\/t01.clinicadentalgaleno.cl\/es\/especialidades-clinica\/urgencias-y-atencion-a-domicilio\/\",\"name\":\"Urgencias y atenci\u00f3n a domicilio - Clinica Dental Galeno\",\"isPartOf\":{\"@id\":\"https:\/\/t01.clinicadentalgaleno.cl\/es\/#website\"},\"datePublished\":\"2011-09-01T19:20:10+00:00\",\"dateModified\":\"2015-12-16T02:25:39+00:00\",\"breadcrumb\":{\"@id\":\"https:\/\/t01.clinicadentalgaleno.cl\/es\/especialidades-clinica\/urgencias-y-atencion-a-domicilio\/#breadcrumb\"},\"inLanguage\":\"es\",\"potentialAction\":[{\"@type\":\"ReadAction\",\"target\":[\"https:\/\/t01.clinicadentalgaleno.cl\/es\/especialidades-clinica\/urgencias-y-atencion-a-domicilio\/\"]}]},{\"@type\":\"BreadcrumbList\",\"@id\":\"https:\/\/t01.clinicadentalgaleno.cl\/es\/especialidades-clinica\/urgencias-y-atencion-a-domicilio\/#breadcrumb\",\"itemListElement\":[{\"@type\":\"ListItem\",\"position\":1,\"name\":\"Portada\",\"item\":\"https:\/\/t01.clinicadentalgaleno.cl\/es\/\"},{\"@type\":\"ListItem\",\"position\":2,\"name\":\"Especialidades Cl\u00ednica\",\"item\":\"https:\/\/t01.clinicadentalgaleno.cl\/es\/especialidades-clinica\/\"},{\"@type\":\"ListItem\",\"position\":3,\"name\":\"Urgencias y atenci\u00f3n a domicilio\"}]},{\"@type\":\"WebSite\",\"@id\":\"https:\/\/t01.clinicadentalgaleno.cl\/es\/#website\",\"url\":\"https:\/\/t01.clinicadentalgaleno.cl\/es\/\",\"name\":\"Clinica Dental Galeno\",\"description\":\"Dentista\",\"publisher\":{\"@id\":\"https:\/\/t01.clinicadentalgaleno.cl\/es\/#organization\"},\"potentialAction\":[{\"@type\":\"SearchAction\",\"target\":{\"@type\":\"EntryPoint\",\"urlTemplate\":\"https:\/\/t01.clinicadentalgaleno.cl\/es\/?s={search_term_string}\"},\"query-input\":{\"@type\":\"PropertyValueSpecification\",\"valueRequired\":true,\"valueName\":\"search_term_string\"}}],\"inLanguage\":\"es\"},{\"@type\":\"Organization\",\"@id\":\"https:\/\/t01.clinicadentalgaleno.cl\/es\/#organization\",\"name\":\"Clinica Dental Galeno\",\"url\":\"https:\/\/t01.clinicadentalgaleno.cl\/es\/\",\"logo\":{\"@type\":\"ImageObject\",\"inLanguage\":\"es\",\"@id\":\"https:\/\/t01.clinicadentalgaleno.cl\/es\/#\/schema\/logo\/image\/\",\"url\":\"https:\/\/www.clinicadentalgaleno.cl\/es\/wp-content\/uploads\/2015\/01\/CLINICADENTAL_GALENO.jpg\",\"contentUrl\":\"https:\/\/www.clinicadentalgaleno.cl\/es\/wp-content\/uploads\/2015\/01\/CLINICADENTAL_GALENO.jpg\",\"width\":1,\"height\":1,\"caption\":\"Clinica Dental Galeno\"},\"image\":{\"@id\":\"https:\/\/t01.clinicadentalgaleno.cl\/es\/#\/schema\/logo\/image\/\"},\"sameAs\":[\"https:\/\/www.facebook.com\/people\/Clinica-Dental-Galeno\/100002867129267\/\"]}]}<\/script>\n<!-- \/ Yoast SEO plugin. -->","yoast_head_json":{"title":"Urgencias y atenci\u00f3n a domicilio - Clinica Dental Galeno","robots":{"index":"index","follow":"follow","max-snippet":"max-snippet:-1","max-image-preview":"max-image-preview:large","max-video-preview":"max-video-preview:-1"},"canonical":"https:\/\/t01.clinicadentalgaleno.cl\/es\/especialidades-clinica\/urgencias-y-atencion-a-domicilio\/","og_locale":"es_ES","og_type":"article","og_title":"Urgencias y atenci\u00f3n a domicilio - Clinica Dental Galeno","og_description":"Ofrecemos atenci\u00f3n de urgencias en cl\u00ednica y a domicilio. Son los llamados tratamientos primarios por demanda espont\u00e1nea del paciente, ya se por dolor por infecci\u00f3n, inflamaci\u00f3n, traumatismo o desalojo de obturaciones (tapaduras). Despu\u00e9s de esta instancia, el paciente es derivado al odont\u00f3logo de la especialidad que corresponda para evaluaci\u00f3n y tratamiento.","og_url":"https:\/\/t01.clinicadentalgaleno.cl\/es\/especialidades-clinica\/urgencias-y-atencion-a-domicilio\/","og_site_name":"Clinica Dental Galeno","article_publisher":"https:\/\/www.facebook.com\/people\/Clinica-Dental-Galeno\/100002867129267\/","article_modified_time":"2015-12-16T02:25:39+00:00","schema":{"@context":"https:\/\/schema.org","@graph":[{"@type":"WebPage","@id":"https:\/\/t01.clinicadentalgaleno.cl\/es\/especialidades-clinica\/urgencias-y-atencion-a-domicilio\/","url":"https:\/\/t01.clinicadentalgaleno.cl\/es\/especialidades-clinica\/urgencias-y-atencion-a-domicilio\/","name":"Urgencias y atenci\u00f3n a domicilio - Clinica Dental Galeno","isPartOf":{"@id":"https:\/\/t01.clinicadentalgaleno.cl\/es\/#website"},"datePublished":"2011-09-01T19:20:10+00:00","dateModified":"2015-12-16T02:25:39+00:00","breadcrumb":{"@id":"https:\/\/t01.clinicadentalgaleno.cl\/es\/especialidades-clinica\/urgencias-y-atencion-a-domicilio\/#breadcrumb"},"inLanguage":"es","potentialAction":[{"@type":"ReadAction","target":["https:\/\/t01.clinicadentalgaleno.cl\/es\/especialidades-clinica\/urgencias-y-atencion-a-domicilio\/"]}]},{"@type":"BreadcrumbList","@id":"https:\/\/t01.clinicadentalgaleno.cl\/es\/especialidades-clinica\/urgencias-y-atencion-a-domicilio\/#breadcrumb","itemListElement":[{"@type":"ListItem","position":1,"name":"Portada","item":"https:\/\/t01.clinicadentalgaleno.cl\/es\/"},{"@type":"ListItem","position":2,"name":"Especialidades Cl\u00ednica","item":"https:\/\/t01.clinicadentalgaleno.cl\/es\/especialidades-clinica\/"},{"@type":"ListItem","position":3,"name":"Urgencias y atenci\u00f3n a domicilio"}]},{"@type":"WebSite","@id":"https:\/\/t01.clinicadentalgaleno.cl\/es\/#website","url":"https:\/\/t01.clinicadentalgaleno.cl\/es\/","name":"Clinica Dental Galeno","description":"Dentista","publisher":{"@id":"https:\/\/t01.clinicadentalgaleno.cl\/es\/#organization"},"potentialAction":[{"@type":"SearchAction","target":{"@type":"EntryPoint","urlTemplate":"https:\/\/t01.clinicadentalgaleno.cl\/es\/?s={search_term_string}"},"query-input":{"@type":"PropertyValueSpecification","valueRequired":true,"valueName":"search_term_string"}}],"inLanguage":"es"},{"@type":"Organization","@id":"https:\/\/t01.clinicadentalgaleno.cl\/es\/#organization","name":"Clinica Dental Galeno","url":"https:\/\/t01.clinicadentalgaleno.cl\/es\/","logo":{"@type":"ImageObject","inLanguage":"es","@id":"https:\/\/t01.clinicadentalgaleno.cl\/es\/#\/schema\/logo\/image\/","url":"https:\/\/www.clinicadentalgaleno.cl\/es\/wp-content\/uploads\/2015\/01\/CLINICADENTAL_GALENO.jpg","contentUrl":"https:\/\/www.clinicadentalgaleno.cl\/es\/wp-content\/uploads\/2015\/01\/CLINICADENTAL_GALENO.jpg","width":1,"height":1,"caption":"Clinica Dental Galeno"},"image":{"@id":"https:\/\/t01.clinicadentalgaleno.cl\/es\/#\/schema\/logo\/image\/"},"sameAs":["https:\/\/www.facebook.com\/people\/Clinica-Dental-Galeno\/100002867129267\/"]}]}},"_links":{"self":[{"href":"https:\/\/www.clinicadentalgaleno.cl\/es\/wp-json\/wp\/v2\/pages\/36"}],"collection":[{"href":"https:\/\/www.clinicadentalgaleno.cl\/es\/wp-json\/wp\/v2\/pages"}],"about":[{"href":"https:\/\/www.clinicadentalgaleno.cl\/es\/wp-json\/wp\/v2\/types\/page"}],"author":[{"embeddable":true,"href":"https:\/\/www.clinicadentalgaleno.cl\/es\/wp-json\/wp\/v2\/users\/1"}],"replies":[{"embeddable":true,"href":"https:\/\/www.clinicadentalgaleno.cl\/es\/wp-json\/wp\/v2\/comments?post=36"}],"version-history":[{"count":6,"href":"https:\/\/www.clinicadentalgaleno.cl\/es\/wp-json\/wp\/v2\/pages\/36\/revisions"}],"predecessor-version":[{"id":834,"href":"https:\/\/www.clinicadentalgaleno.cl\/es\/wp-json\/wp\/v2\/pages\/36\/revisions\/834"}],"up":[{"embeddable":true,"href":"https:\/\/www.clinicadentalgaleno.cl\/es\/wp-json\/wp\/v2\/pages\/17"}],"wp:attachment":[{"href":"https:\/\/www.clinicadentalgaleno.cl\/es\/wp-json\/wp\/v2\/media?parent=36"}],"curies":[{"name":"wp","href":"https:\/\/api.w.org\/{rel}","templated":true}]}}