{"id":41,"date":"2011-09-01T15:21:14","date_gmt":"2011-09-01T19:21:14","guid":{"rendered":"http:\/\/www.clinicadentalgaleno.cl\/es\/?page_id=41"},"modified":"2011-09-01T15:21:14","modified_gmt":"2011-09-01T19:21:14","slug":"campanas-dentales","status":"publish","type":"page","link":"https:\/\/www.clinicadentalgaleno.cl\/es\/especialidades-clinica\/campanas-dentales\/","title":{"rendered":"Campa\u00f1as dentales"},"content":{"rendered":"<p align=\"justify\">Desarrollamos campa\u00f1as de prevenci\u00f3n a las instituciones que nos soliciten, previa coordinaci\u00f3n y gesti\u00f3n con los encargados de cada organizaci\u00f3n interesada. Por lo general, realizamos una visita de diagn\u00f3stico a terreno, llev\u00e1ndoles pastas y cepillos dentales para motivar y mejorar la higiene dental. Luego, los tratamientos son continuados en nuestra cl\u00ednica.<\/p>\n","protected":false},"excerpt":{"rendered":"<p>Desarrollamos campa\u00f1as de prevenci\u00f3n a las instituciones que nos soliciten, previa coordinaci\u00f3n y gesti\u00f3n con los encargados de cada organizaci\u00f3n interesada. Por lo general, realizamos una visita de diagn\u00f3stico a terreno, llev\u00e1ndoles pastas y cepillos dentales para motivar y mejorar la higiene dental. Luego, los tratamientos son continuados en nuestra cl\u00ednica.<\/p>\n","protected":false},"author":1,"featured_media":0,"parent":17,"menu_order":8,"comment_status":"open","ping_status":"open","template":"","meta":{"footnotes":""},"yoast_head":"<!-- This site is optimized with the Yoast SEO plugin v23.5 - https:\/\/yoast.com\/wordpress\/plugins\/seo\/ -->\n<title>Campa\u00f1as dentales - Clinica Dental Galeno<\/title>\n<meta name=\"robots\" content=\"index, follow, max-snippet:-1, max-image-preview:large, max-video-preview:-1\" \/>\n<link rel=\"canonical\" href=\"https:\/\/t01.clinicadentalgaleno.cl\/es\/especialidades-clinica\/campanas-dentales\/\" \/>\n<meta property=\"og:locale\" content=\"es_ES\" \/>\n<meta property=\"og:type\" content=\"article\" \/>\n<meta property=\"og:title\" content=\"Campa\u00f1as dentales - Clinica Dental Galeno\" \/>\n<meta property=\"og:description\" content=\"Desarrollamos campa\u00f1as de prevenci\u00f3n a las instituciones que nos soliciten, previa coordinaci\u00f3n y gesti\u00f3n con los encargados de cada organizaci\u00f3n interesada. Por lo general, realizamos una visita de diagn\u00f3stico a terreno, llev\u00e1ndoles pastas y cepillos dentales para motivar y mejorar la higiene dental. Luego, los tratamientos son continuados en nuestra cl\u00ednica.\" \/>\n<meta property=\"og:url\" content=\"https:\/\/t01.clinicadentalgaleno.cl\/es\/especialidades-clinica\/campanas-dentales\/\" \/>\n<meta property=\"og:site_name\" content=\"Clinica Dental Galeno\" \/>\n<meta property=\"article:publisher\" content=\"https:\/\/www.facebook.com\/people\/Clinica-Dental-Galeno\/100002867129267\/\" \/>\n<script type=\"application\/ld+json\" class=\"yoast-schema-graph\">{\"@context\":\"https:\/\/schema.org\",\"@graph\":[{\"@type\":\"WebPage\",\"@id\":\"https:\/\/t01.clinicadentalgaleno.cl\/es\/especialidades-clinica\/campanas-dentales\/\",\"url\":\"https:\/\/t01.clinicadentalgaleno.cl\/es\/especialidades-clinica\/campanas-dentales\/\",\"name\":\"Campa\u00f1as dentales - Clinica Dental Galeno\",\"isPartOf\":{\"@id\":\"https:\/\/t01.clinicadentalgaleno.cl\/es\/#website\"},\"datePublished\":\"2011-09-01T19:21:14+00:00\",\"dateModified\":\"2011-09-01T19:21:14+00:00\",\"breadcrumb\":{\"@id\":\"https:\/\/t01.clinicadentalgaleno.cl\/es\/especialidades-clinica\/campanas-dentales\/#breadcrumb\"},\"inLanguage\":\"es\",\"potentialAction\":[{\"@type\":\"ReadAction\",\"target\":[\"https:\/\/t01.clinicadentalgaleno.cl\/es\/especialidades-clinica\/campanas-dentales\/\"]}]},{\"@type\":\"BreadcrumbList\",\"@id\":\"https:\/\/t01.clinicadentalgaleno.cl\/es\/especialidades-clinica\/campanas-dentales\/#breadcrumb\",\"itemListElement\":[{\"@type\":\"ListItem\",\"position\":1,\"name\":\"Portada\",\"item\":\"https:\/\/t01.clinicadentalgaleno.cl\/es\/\"},{\"@type\":\"ListItem\",\"position\":2,\"name\":\"Especialidades Cl\u00ednica\",\"item\":\"https:\/\/t01.clinicadentalgaleno.cl\/es\/especialidades-clinica\/\"},{\"@type\":\"ListItem\",\"position\":3,\"name\":\"Campa\u00f1as dentales\"}]},{\"@type\":\"WebSite\",\"@id\":\"https:\/\/t01.clinicadentalgaleno.cl\/es\/#website\",\"url\":\"https:\/\/t01.clinicadentalgaleno.cl\/es\/\",\"name\":\"Clinica Dental Galeno\",\"description\":\"Dentista\",\"publisher\":{\"@id\":\"https:\/\/t01.clinicadentalgaleno.cl\/es\/#organization\"},\"potentialAction\":[{\"@type\":\"SearchAction\",\"target\":{\"@type\":\"EntryPoint\",\"urlTemplate\":\"https:\/\/t01.clinicadentalgaleno.cl\/es\/?s={search_term_string}\"},\"query-input\":{\"@type\":\"PropertyValueSpecification\",\"valueRequired\":true,\"valueName\":\"search_term_string\"}}],\"inLanguage\":\"es\"},{\"@type\":\"Organization\",\"@id\":\"https:\/\/t01.clinicadentalgaleno.cl\/es\/#organization\",\"name\":\"Clinica Dental Galeno\",\"url\":\"https:\/\/t01.clinicadentalgaleno.cl\/es\/\",\"logo\":{\"@type\":\"ImageObject\",\"inLanguage\":\"es\",\"@id\":\"https:\/\/t01.clinicadentalgaleno.cl\/es\/#\/schema\/logo\/image\/\",\"url\":\"https:\/\/www.clinicadentalgaleno.cl\/es\/wp-content\/uploads\/2015\/01\/CLINICADENTAL_GALENO.jpg\",\"contentUrl\":\"https:\/\/www.clinicadentalgaleno.cl\/es\/wp-content\/uploads\/2015\/01\/CLINICADENTAL_GALENO.jpg\",\"width\":1,\"height\":1,\"caption\":\"Clinica Dental Galeno\"},\"image\":{\"@id\":\"https:\/\/t01.clinicadentalgaleno.cl\/es\/#\/schema\/logo\/image\/\"},\"sameAs\":[\"https:\/\/www.facebook.com\/people\/Clinica-Dental-Galeno\/100002867129267\/\"]}]}<\/script>\n<!-- \/ Yoast SEO plugin. -->","yoast_head_json":{"title":"Campa\u00f1as dentales - Clinica Dental Galeno","robots":{"index":"index","follow":"follow","max-snippet":"max-snippet:-1","max-image-preview":"max-image-preview:large","max-video-preview":"max-video-preview:-1"},"canonical":"https:\/\/t01.clinicadentalgaleno.cl\/es\/especialidades-clinica\/campanas-dentales\/","og_locale":"es_ES","og_type":"article","og_title":"Campa\u00f1as dentales - Clinica Dental Galeno","og_description":"Desarrollamos campa\u00f1as de prevenci\u00f3n a las instituciones que nos soliciten, previa coordinaci\u00f3n y gesti\u00f3n con los encargados de cada organizaci\u00f3n interesada. Por lo general, realizamos una visita de diagn\u00f3stico a terreno, llev\u00e1ndoles pastas y cepillos dentales para motivar y mejorar la higiene dental. Luego, los tratamientos son continuados en nuestra cl\u00ednica.","og_url":"https:\/\/t01.clinicadentalgaleno.cl\/es\/especialidades-clinica\/campanas-dentales\/","og_site_name":"Clinica Dental Galeno","article_publisher":"https:\/\/www.facebook.com\/people\/Clinica-Dental-Galeno\/100002867129267\/","schema":{"@context":"https:\/\/schema.org","@graph":[{"@type":"WebPage","@id":"https:\/\/t01.clinicadentalgaleno.cl\/es\/especialidades-clinica\/campanas-dentales\/","url":"https:\/\/t01.clinicadentalgaleno.cl\/es\/especialidades-clinica\/campanas-dentales\/","name":"Campa\u00f1as dentales - Clinica Dental Galeno","isPartOf":{"@id":"https:\/\/t01.clinicadentalgaleno.cl\/es\/#website"},"datePublished":"2011-09-01T19:21:14+00:00","dateModified":"2011-09-01T19:21:14+00:00","breadcrumb":{"@id":"https:\/\/t01.clinicadentalgaleno.cl\/es\/especialidades-clinica\/campanas-dentales\/#breadcrumb"},"inLanguage":"es","potentialAction":[{"@type":"ReadAction","target":["https:\/\/t01.clinicadentalgaleno.cl\/es\/especialidades-clinica\/campanas-dentales\/"]}]},{"@type":"BreadcrumbList","@id":"https:\/\/t01.clinicadentalgaleno.cl\/es\/especialidades-clinica\/campanas-dentales\/#breadcrumb","itemListElement":[{"@type":"ListItem","position":1,"name":"Portada","item":"https:\/\/t01.clinicadentalgaleno.cl\/es\/"},{"@type":"ListItem","position":2,"name":"Especialidades Cl\u00ednica","item":"https:\/\/t01.clinicadentalgaleno.cl\/es\/especialidades-clinica\/"},{"@type":"ListItem","position":3,"name":"Campa\u00f1as dentales"}]},{"@type":"WebSite","@id":"https:\/\/t01.clinicadentalgaleno.cl\/es\/#website","url":"https:\/\/t01.clinicadentalgaleno.cl\/es\/","name":"Clinica Dental Galeno","description":"Dentista","publisher":{"@id":"https:\/\/t01.clinicadentalgaleno.cl\/es\/#organization"},"potentialAction":[{"@type":"SearchAction","target":{"@type":"EntryPoint","urlTemplate":"https:\/\/t01.clinicadentalgaleno.cl\/es\/?s={search_term_string}"},"query-input":{"@type":"PropertyValueSpecification","valueRequired":true,"valueName":"search_term_string"}}],"inLanguage":"es"},{"@type":"Organization","@id":"https:\/\/t01.clinicadentalgaleno.cl\/es\/#organization","name":"Clinica Dental Galeno","url":"https:\/\/t01.clinicadentalgaleno.cl\/es\/","logo":{"@type":"ImageObject","inLanguage":"es","@id":"https:\/\/t01.clinicadentalgaleno.cl\/es\/#\/schema\/logo\/image\/","url":"https:\/\/www.clinicadentalgaleno.cl\/es\/wp-content\/uploads\/2015\/01\/CLINICADENTAL_GALENO.jpg","contentUrl":"https:\/\/www.clinicadentalgaleno.cl\/es\/wp-content\/uploads\/2015\/01\/CLINICADENTAL_GALENO.jpg","width":1,"height":1,"caption":"Clinica Dental Galeno"},"image":{"@id":"https:\/\/t01.clinicadentalgaleno.cl\/es\/#\/schema\/logo\/image\/"},"sameAs":["https:\/\/www.facebook.com\/people\/Clinica-Dental-Galeno\/100002867129267\/"]}]}},"_links":{"self":[{"href":"https:\/\/www.clinicadentalgaleno.cl\/es\/wp-json\/wp\/v2\/pages\/41"}],"collection":[{"href":"https:\/\/www.clinicadentalgaleno.cl\/es\/wp-json\/wp\/v2\/pages"}],"about":[{"href":"https:\/\/www.clinicadentalgaleno.cl\/es\/wp-json\/wp\/v2\/types\/page"}],"author":[{"embeddable":true,"href":"https:\/\/www.clinicadentalgaleno.cl\/es\/wp-json\/wp\/v2\/users\/1"}],"replies":[{"embeddable":true,"href":"https:\/\/www.clinicadentalgaleno.cl\/es\/wp-json\/wp\/v2\/comments?post=41"}],"version-history":[{"count":2,"href":"https:\/\/www.clinicadentalgaleno.cl\/es\/wp-json\/wp\/v2\/pages\/41\/revisions"}],"predecessor-version":[{"id":43,"href":"https:\/\/www.clinicadentalgaleno.cl\/es\/wp-json\/wp\/v2\/pages\/41\/revisions\/43"}],"up":[{"embeddable":true,"href":"https:\/\/www.clinicadentalgaleno.cl\/es\/wp-json\/wp\/v2\/pages\/17"}],"wp:attachment":[{"href":"https:\/\/www.clinicadentalgaleno.cl\/es\/wp-json\/wp\/v2\/media?parent=41"}],"curies":[{"name":"wp","href":"https:\/\/api.w.org\/{rel}","templated":true}]}}