{"id":47,"date":"2011-09-01T15:48:28","date_gmt":"2011-09-01T19:48:28","guid":{"rendered":"http:\/\/www.clinicadentalgaleno.cl\/es\/?page_id=47"},"modified":"2013-12-10T16:59:12","modified_gmt":"2013-12-10T19:59:12","slug":"convenios","status":"publish","type":"page","link":"https:\/\/www.clinicadentalgaleno.cl\/es\/convenios\/","title":{"rendered":"Convenios"},"content":{"rendered":"<p style=\"text-align: justify;\">Nuestra Cl\u00ednica Dental Galeno ofrece una atenci\u00f3n integral, de calidad y conveniente dirigida a empresas, organizaciones, sindicatos, asociaciones, entre otras instituciones.<\/p>\n<p style=\"text-align: justify;\"><img loading=\"lazy\" decoding=\"async\" class=\"alignleft  wp-image-177\" style=\"margin-right: 8px; border: 0pt none;\" title=\"edificio\" src=\"https:\/\/www.clinicadentalgaleno.cl\/es\/wp-content\/uploads\/2011\/09\/edificio.jpg\" alt=\"\" width=\"252\" height=\"335\" srcset=\"https:\/\/www.clinicadentalgaleno.cl\/es\/wp-content\/uploads\/2011\/09\/edificio.jpg 252w, https:\/\/www.clinicadentalgaleno.cl\/es\/wp-content\/uploads\/2011\/09\/edificio-225x300.jpg 225w\" sizes=\"(max-width: 252px) 100vw, 252px\" \/>El Convenio que ofrecemos a empresas brinda un <strong>50% de descuento en todas las especialidades de esta cl\u00ednica, seg\u00fan el arancel del Colegio de Dentistas, y una atenci\u00f3n de diagn\u00f3stico gratuita previa coordinaci\u00f3n con la empresa. <\/strong><\/p>\n<p style=\"text-align: justify;\">Las especialidades de la Cl\u00ednica son: <span style=\"color: #993366;\">Endodoncia, Pr\u00f3tesis fija y removible, Rayos X, Est\u00e9tica Integral (Blanquemientos), Operatoria.<\/span><\/p>\n<p style=\"text-align: justify;\">La cl\u00ednica es coordinada por la Dra. Marta Valenzuela, que a su vez trabaja en alianza con una red de dentistas que trabajan en el mismo edificio m\u00e9dico (Salvador 149, Providencia).<\/p>\n<p style=\"text-align: justify;\">Si desea que le enviemos nuestra presentaci\u00f3n a empresas puede solicitarla al correo electr\u00f3nico de la cl\u00ednica: <strong>clinicadental.salvador@gmail.com<\/strong>.<\/p>\n<p style=\"text-align: justify;\">El convenio que se pacta es simple, no implica pago de cuotas mensuales de los funcionarios y es totalmente independiente a otros beneficios de salud que tengan los trabajadores.<\/p>\n<p style=\"text-align: justify;\"><strong>CONVENIOS DENTALES FIRMADOS CON NUESTRA CL\u00cdNICA DENTAL GALENO <\/strong><\/p>\n<ul style=\"text-align: justify;\">\n<li>Universidad de Chile y su Departamento de Bienestar para los funcionarios.<\/li>\n<li>Asociaci\u00f3n de Organizaciones de Ferias Libres (ASOF A.G).<\/li>\n<li>Funcionarios de las instituciones socias de la Asociaci\u00f3n Chilena de ONG, Acci\u00f3n.<\/li>\n<li>Caja de Compensaci\u00f3n Los H\u00e9roes.<\/li>\n<li>Programa \u00abSonrisa de Adulto Mayor\u00bb.<\/li>\n<li>Sindicato de Trabajadores de LAN CHILE, SINDIATO (funcionarios y t\u00e9cnicos del aeropuerto).<\/li>\n<\/ul>\n<p><a href=\"https:\/\/www.clinicadentalgaleno.cl\/es\/wp-content\/uploads\/2011\/09\/presentacion-empresas-20132.ppt\">presentacion-empresas-2013<\/a><\/p>\n<p>&nbsp;<\/p>\n","protected":false},"excerpt":{"rendered":"<p>Nuestra Cl\u00ednica Dental Galeno ofrece una atenci\u00f3n integral, de calidad y conveniente dirigida a empresas, organizaciones, sindicatos, asociaciones, entre otras instituciones. El Convenio que ofrecemos a empresas brinda un 50% de descuento en todas las especialidades de esta cl\u00ednica, seg\u00fan el arancel del Colegio de Dentistas, y una atenci\u00f3n de diagn\u00f3stico gratuita previa coordinaci\u00f3n con [&hellip;]<\/p>\n","protected":false},"author":1,"featured_media":0,"parent":0,"menu_order":6,"comment_status":"closed","ping_status":"closed","template":"","meta":{"footnotes":""},"yoast_head":"<!-- This site is optimized with the Yoast SEO plugin v23.5 - https:\/\/yoast.com\/wordpress\/plugins\/seo\/ -->\n<title>Convenios - Clinica Dental Galeno<\/title>\n<meta name=\"robots\" content=\"index, follow, max-snippet:-1, max-image-preview:large, max-video-preview:-1\" \/>\n<link rel=\"canonical\" href=\"https:\/\/t01.clinicadentalgaleno.cl\/es\/convenios\/\" \/>\n<meta property=\"og:locale\" content=\"es_ES\" \/>\n<meta property=\"og:type\" content=\"article\" \/>\n<meta property=\"og:title\" content=\"Convenios - Clinica Dental Galeno\" \/>\n<meta property=\"og:description\" content=\"Nuestra Cl\u00ednica Dental Galeno ofrece una atenci\u00f3n integral, de calidad y conveniente dirigida a empresas, organizaciones, sindicatos, asociaciones, entre otras instituciones. El Convenio que ofrecemos a empresas brinda un 50% de descuento en todas las especialidades de esta cl\u00ednica, seg\u00fan el arancel del Colegio de Dentistas, y una atenci\u00f3n de diagn\u00f3stico gratuita previa coordinaci\u00f3n con [&hellip;]\" \/>\n<meta property=\"og:url\" content=\"https:\/\/t01.clinicadentalgaleno.cl\/es\/convenios\/\" \/>\n<meta property=\"og:site_name\" content=\"Clinica Dental Galeno\" \/>\n<meta property=\"article:publisher\" content=\"https:\/\/www.facebook.com\/people\/Clinica-Dental-Galeno\/100002867129267\/\" \/>\n<meta property=\"article:modified_time\" content=\"2013-12-10T19:59:12+00:00\" \/>\n<meta property=\"og:image\" content=\"https:\/\/www.clinicadentalgaleno.cl\/es\/wp-content\/uploads\/2011\/09\/edificio.jpg\" \/>\n<script type=\"application\/ld+json\" class=\"yoast-schema-graph\">{\"@context\":\"https:\/\/schema.org\",\"@graph\":[{\"@type\":\"WebPage\",\"@id\":\"https:\/\/t01.clinicadentalgaleno.cl\/es\/convenios\/\",\"url\":\"https:\/\/t01.clinicadentalgaleno.cl\/es\/convenios\/\",\"name\":\"Convenios - Clinica Dental Galeno\",\"isPartOf\":{\"@id\":\"https:\/\/t01.clinicadentalgaleno.cl\/es\/#website\"},\"primaryImageOfPage\":{\"@id\":\"https:\/\/t01.clinicadentalgaleno.cl\/es\/convenios\/#primaryimage\"},\"image\":{\"@id\":\"https:\/\/t01.clinicadentalgaleno.cl\/es\/convenios\/#primaryimage\"},\"thumbnailUrl\":\"https:\/\/www.clinicadentalgaleno.cl\/es\/wp-content\/uploads\/2011\/09\/edificio.jpg\",\"datePublished\":\"2011-09-01T19:48:28+00:00\",\"dateModified\":\"2013-12-10T19:59:12+00:00\",\"breadcrumb\":{\"@id\":\"https:\/\/t01.clinicadentalgaleno.cl\/es\/convenios\/#breadcrumb\"},\"inLanguage\":\"es\",\"potentialAction\":[{\"@type\":\"ReadAction\",\"target\":[\"https:\/\/t01.clinicadentalgaleno.cl\/es\/convenios\/\"]}]},{\"@type\":\"ImageObject\",\"inLanguage\":\"es\",\"@id\":\"https:\/\/t01.clinicadentalgaleno.cl\/es\/convenios\/#primaryimage\",\"url\":\"https:\/\/www.clinicadentalgaleno.cl\/es\/wp-content\/uploads\/2011\/09\/edificio.jpg\",\"contentUrl\":\"https:\/\/www.clinicadentalgaleno.cl\/es\/wp-content\/uploads\/2011\/09\/edificio.jpg\",\"width\":\"252\",\"height\":\"335\"},{\"@type\":\"BreadcrumbList\",\"@id\":\"https:\/\/t01.clinicadentalgaleno.cl\/es\/convenios\/#breadcrumb\",\"itemListElement\":[{\"@type\":\"ListItem\",\"position\":1,\"name\":\"Portada\",\"item\":\"https:\/\/t01.clinicadentalgaleno.cl\/es\/\"},{\"@type\":\"ListItem\",\"position\":2,\"name\":\"Convenios\"}]},{\"@type\":\"WebSite\",\"@id\":\"https:\/\/t01.clinicadentalgaleno.cl\/es\/#website\",\"url\":\"https:\/\/t01.clinicadentalgaleno.cl\/es\/\",\"name\":\"Clinica Dental Galeno\",\"description\":\"Dentista\",\"publisher\":{\"@id\":\"https:\/\/t01.clinicadentalgaleno.cl\/es\/#organization\"},\"potentialAction\":[{\"@type\":\"SearchAction\",\"target\":{\"@type\":\"EntryPoint\",\"urlTemplate\":\"https:\/\/t01.clinicadentalgaleno.cl\/es\/?s={search_term_string}\"},\"query-input\":{\"@type\":\"PropertyValueSpecification\",\"valueRequired\":true,\"valueName\":\"search_term_string\"}}],\"inLanguage\":\"es\"},{\"@type\":\"Organization\",\"@id\":\"https:\/\/t01.clinicadentalgaleno.cl\/es\/#organization\",\"name\":\"Clinica Dental Galeno\",\"url\":\"https:\/\/t01.clinicadentalgaleno.cl\/es\/\",\"logo\":{\"@type\":\"ImageObject\",\"inLanguage\":\"es\",\"@id\":\"https:\/\/t01.clinicadentalgaleno.cl\/es\/#\/schema\/logo\/image\/\",\"url\":\"https:\/\/www.clinicadentalgaleno.cl\/es\/wp-content\/uploads\/2015\/01\/CLINICADENTAL_GALENO.jpg\",\"contentUrl\":\"https:\/\/www.clinicadentalgaleno.cl\/es\/wp-content\/uploads\/2015\/01\/CLINICADENTAL_GALENO.jpg\",\"width\":1,\"height\":1,\"caption\":\"Clinica Dental Galeno\"},\"image\":{\"@id\":\"https:\/\/t01.clinicadentalgaleno.cl\/es\/#\/schema\/logo\/image\/\"},\"sameAs\":[\"https:\/\/www.facebook.com\/people\/Clinica-Dental-Galeno\/100002867129267\/\"]}]}<\/script>\n<!-- \/ Yoast SEO plugin. -->","yoast_head_json":{"title":"Convenios - Clinica Dental Galeno","robots":{"index":"index","follow":"follow","max-snippet":"max-snippet:-1","max-image-preview":"max-image-preview:large","max-video-preview":"max-video-preview:-1"},"canonical":"https:\/\/t01.clinicadentalgaleno.cl\/es\/convenios\/","og_locale":"es_ES","og_type":"article","og_title":"Convenios - Clinica Dental Galeno","og_description":"Nuestra Cl\u00ednica Dental Galeno ofrece una atenci\u00f3n integral, de calidad y conveniente dirigida a empresas, organizaciones, sindicatos, asociaciones, entre otras instituciones. El Convenio que ofrecemos a empresas brinda un 50% de descuento en todas las especialidades de esta cl\u00ednica, seg\u00fan el arancel del Colegio de Dentistas, y una atenci\u00f3n de diagn\u00f3stico gratuita previa coordinaci\u00f3n con [&hellip;]","og_url":"https:\/\/t01.clinicadentalgaleno.cl\/es\/convenios\/","og_site_name":"Clinica Dental Galeno","article_publisher":"https:\/\/www.facebook.com\/people\/Clinica-Dental-Galeno\/100002867129267\/","article_modified_time":"2013-12-10T19:59:12+00:00","og_image":[{"url":"https:\/\/www.clinicadentalgaleno.cl\/es\/wp-content\/uploads\/2011\/09\/edificio.jpg"}],"schema":{"@context":"https:\/\/schema.org","@graph":[{"@type":"WebPage","@id":"https:\/\/t01.clinicadentalgaleno.cl\/es\/convenios\/","url":"https:\/\/t01.clinicadentalgaleno.cl\/es\/convenios\/","name":"Convenios - Clinica Dental Galeno","isPartOf":{"@id":"https:\/\/t01.clinicadentalgaleno.cl\/es\/#website"},"primaryImageOfPage":{"@id":"https:\/\/t01.clinicadentalgaleno.cl\/es\/convenios\/#primaryimage"},"image":{"@id":"https:\/\/t01.clinicadentalgaleno.cl\/es\/convenios\/#primaryimage"},"thumbnailUrl":"https:\/\/www.clinicadentalgaleno.cl\/es\/wp-content\/uploads\/2011\/09\/edificio.jpg","datePublished":"2011-09-01T19:48:28+00:00","dateModified":"2013-12-10T19:59:12+00:00","breadcrumb":{"@id":"https:\/\/t01.clinicadentalgaleno.cl\/es\/convenios\/#breadcrumb"},"inLanguage":"es","potentialAction":[{"@type":"ReadAction","target":["https:\/\/t01.clinicadentalgaleno.cl\/es\/convenios\/"]}]},{"@type":"ImageObject","inLanguage":"es","@id":"https:\/\/t01.clinicadentalgaleno.cl\/es\/convenios\/#primaryimage","url":"https:\/\/www.clinicadentalgaleno.cl\/es\/wp-content\/uploads\/2011\/09\/edificio.jpg","contentUrl":"https:\/\/www.clinicadentalgaleno.cl\/es\/wp-content\/uploads\/2011\/09\/edificio.jpg","width":"252","height":"335"},{"@type":"BreadcrumbList","@id":"https:\/\/t01.clinicadentalgaleno.cl\/es\/convenios\/#breadcrumb","itemListElement":[{"@type":"ListItem","position":1,"name":"Portada","item":"https:\/\/t01.clinicadentalgaleno.cl\/es\/"},{"@type":"ListItem","position":2,"name":"Convenios"}]},{"@type":"WebSite","@id":"https:\/\/t01.clinicadentalgaleno.cl\/es\/#website","url":"https:\/\/t01.clinicadentalgaleno.cl\/es\/","name":"Clinica Dental Galeno","description":"Dentista","publisher":{"@id":"https:\/\/t01.clinicadentalgaleno.cl\/es\/#organization"},"potentialAction":[{"@type":"SearchAction","target":{"@type":"EntryPoint","urlTemplate":"https:\/\/t01.clinicadentalgaleno.cl\/es\/?s={search_term_string}"},"query-input":{"@type":"PropertyValueSpecification","valueRequired":true,"valueName":"search_term_string"}}],"inLanguage":"es"},{"@type":"Organization","@id":"https:\/\/t01.clinicadentalgaleno.cl\/es\/#organization","name":"Clinica Dental Galeno","url":"https:\/\/t01.clinicadentalgaleno.cl\/es\/","logo":{"@type":"ImageObject","inLanguage":"es","@id":"https:\/\/t01.clinicadentalgaleno.cl\/es\/#\/schema\/logo\/image\/","url":"https:\/\/www.clinicadentalgaleno.cl\/es\/wp-content\/uploads\/2015\/01\/CLINICADENTAL_GALENO.jpg","contentUrl":"https:\/\/www.clinicadentalgaleno.cl\/es\/wp-content\/uploads\/2015\/01\/CLINICADENTAL_GALENO.jpg","width":1,"height":1,"caption":"Clinica Dental Galeno"},"image":{"@id":"https:\/\/t01.clinicadentalgaleno.cl\/es\/#\/schema\/logo\/image\/"},"sameAs":["https:\/\/www.facebook.com\/people\/Clinica-Dental-Galeno\/100002867129267\/"]}]}},"_links":{"self":[{"href":"https:\/\/www.clinicadentalgaleno.cl\/es\/wp-json\/wp\/v2\/pages\/47"}],"collection":[{"href":"https:\/\/www.clinicadentalgaleno.cl\/es\/wp-json\/wp\/v2\/pages"}],"about":[{"href":"https:\/\/www.clinicadentalgaleno.cl\/es\/wp-json\/wp\/v2\/types\/page"}],"author":[{"embeddable":true,"href":"https:\/\/www.clinicadentalgaleno.cl\/es\/wp-json\/wp\/v2\/users\/1"}],"replies":[{"embeddable":true,"href":"https:\/\/www.clinicadentalgaleno.cl\/es\/wp-json\/wp\/v2\/comments?post=47"}],"version-history":[{"count":24,"href":"https:\/\/www.clinicadentalgaleno.cl\/es\/wp-json\/wp\/v2\/pages\/47\/revisions"}],"predecessor-version":[{"id":50,"href":"https:\/\/www.clinicadentalgaleno.cl\/es\/wp-json\/wp\/v2\/pages\/47\/revisions\/50"}],"wp:attachment":[{"href":"https:\/\/www.clinicadentalgaleno.cl\/es\/wp-json\/wp\/v2\/media?parent=47"}],"curies":[{"name":"wp","href":"https:\/\/api.w.org\/{rel}","templated":true}]}}